{"id":245,"date":"2023-10-17T13:02:38","date_gmt":"2023-10-17T13:02:38","guid":{"rendered":"https:\/\/witeburch.nl\/?page_id=245"},"modified":"2025-12-12T13:42:08","modified_gmt":"2025-12-12T13:42:08","slug":"empfang","status":"publish","type":"page","link":"https:\/\/witeburch.nl\/de\/faciliteiten\/receptie\/","title":{"rendered":"Rezeption"},"content":{"rendered":"\n<div id=\"ms-container-a1d146e\" class=\"wp-block-ms-container alignfull has-background has-background-image has-background-opacity-3 has-height-half forground page-header\" style=\"background-image:url(https:\/\/witeburch.nl\/wp-content\/uploads\/2023\/12\/Receptie.jpeg);background-position:49% 84%;background-size:cover;background-repeat:no-repeat\"><div class=\"ms-container--wrapper alignnormal\">\n<div class=\"wp-block-columns justify-space-center\">\n<div class=\"wp-block-column\" style=\"flex-basis:80%\"><section class=\"ms_advanced-title text-left\" id=\"block_b6bf544d67274658d152066f7c5460f4\" style=\"--sideline-color: #95C11F;\">\n            <style>@media screen and (max-width: 39.9375em){#block_b6bf544d67274658d152066f7c5460f4{padding-top:1.25rem;padding-bottom:1.25rem;}}@media screen and (min-width: 40em) and (max-width: 63.9375em){#block_b6bf544d67274658d152066f7c5460f4{padding-top:2.5rem;padding-bottom:2.5rem;}}@media screen and (min-width: 64em){#block_b6bf544d67274658d152066f7c5460f4{padding-top:2.5rem;padding-bottom:2.5rem;}}<\/style>\n    \n            \n                    <h1 style=\"--heading-color: #ffffff;\" class=\"title h1\">\n                Receptie\n\n                <\/h1>\n        \n        \n            \n    <\/section>\n\n<\/div>\n<\/div>\n<\/div><style>#ms-container-a1d146e.has-background:before {\n\tbackground-color: #29235c;\n}\n \n@media screen and (max-width: 39.9375em) {\n\t#ms-container-a1d146e {\n\t\tpadding-top: 1.5rem;\n\t\tpadding-bottom: 1.5rem;\n\n\t}\n}\n\n@media screen and (min-width: 40em) and (max-width: 63.9375em) {\n\t#ms-container-a1d146e {\n\t\tpadding-top: 3rem;\n\t\tpadding-bottom: 3rem;\n\n\t}\n}\n\n@media screen and (min-width: 64em) {\n\t#ms-container-a1d146e {\n\t\tpadding-top: 3rem;\n\t\tpadding-bottom: 3rem;\n\n\t}\n}<\/style><\/div>\n\n\n\n<div id=\"ms-container-aeace9d\" class=\"wp-block-ms-container alignfull has-background has-background-opacity-10 has-height-normal\"><div class=\"ms-container--wrapper alignnormal\"><div id=\"block_0d9da25b942db422a4ea46a4c91bd24d\" class=\"ms_breadcrumbs\">\n            <style>@media screen and (max-width: 39.9375em){#block_0d9da25b942db422a4ea46a4c91bd24d{margin-bottom:0.5rem;padding-top:1.25rem;padding-bottom:1.25rem;}}@media screen and (min-width: 40em) and (max-width: 63.9375em){#block_0d9da25b942db422a4ea46a4c91bd24d{margin-bottom:1rem;padding-top:2.5rem;padding-bottom:2.5rem;}}@media screen and (min-width: 64em){#block_0d9da25b942db422a4ea46a4c91bd24d{margin-bottom:1rem;padding-top:2.5rem;padding-bottom:2.5rem;}}<\/style>\n    \n    <ul id=\"breadcrumbs\" class=\"breadcrumbs\"><li itemprop=\"itemListElement\" itemscope itemtype=\"http:\/\/schema.org\/ListItem\"><a class=\"breadcrumbs__link\" href=\"https:\/\/witeburch.nl\/de\/\" itemprop=\"item\" title=\"Home\"><span itemprop=\"name\" style=\"display: none;\">Home<\/span><iconify-icon class=\"iconify icon-fw\" icon=\"far:home\" aria-hidden=\"true\"><\/iconify-icon>\n            \n    <\/a><meta itemprop=\"position\" content=\"1\" \/><\/li><\/ul>\n<\/div>\n\n\n\n<div class=\"wp-block-columns justify-space-center\">\n<div class=\"wp-block-column\" style=\"flex-basis:80%\">\n<p class=\"intro has-white-color has-text-color has-link-color wp-elements-f129d9bdb28421a307ffaff3656cdbb4 wp-block-paragraph\">De receptie is dagelijks geopend, op het mededelingenbord bij de entreedeur staan de actuele openingstijden. Hier kun&nbsp;je&nbsp;ook je&nbsp;post ophalen. Zorg ervoor dat je&nbsp;naam duidelijk op de post wordt vermeld. In de receptie kun je&nbsp;een campingkaart voor de was- en droogmachine in de wasserette en voor gebruik van warm water.<\/p>\n<\/div>\n<\/div>\n<\/div><style>#ms-container-aeace9d.has-background:before {\n\tbackground-color: #95C11F;\n}\n \n@media screen and (max-width: 39.9375em) {\n\t#ms-container-aeace9d {\n\t\tmargin-top: -4rem;\n\t\tpadding-top: 4rem;\n\t\tpadding-bottom: 10rem;\n\n\t}\n}\n\n@media screen and (min-width: 40em) and (max-width: 63.9375em) {\n\t#ms-container-aeace9d {\n\t\tmargin-top: -8rem;\n\t\tpadding-top: 8rem;\n\t\tpadding-bottom: 20rem;\n\n\t}\n}\n\n@media screen and (min-width: 64em) {\n\t#ms-container-aeace9d {\n\t\tmargin-top: -8rem;\n\t\tpadding-top: 8rem;\n\t\tpadding-bottom: 20rem;\n\n\t}\n}<\/style><\/div>\n\n\n\n<div id=\"ms-container-67cf894\" class=\"wp-block-ms-container has-height-normal forground\"><div class=\"ms-container--wrapper alignnormal\">\n<div class=\"wp-block-columns justify-space-center\">\n<div class=\"wp-block-column\" style=\"flex-basis:90%\"><section class=\"ms_carousel has-arrows-outside\" id=\"block_2d37226c2a12283e8e58ccdb801a3dc2\">\n            <style>@media screen and (max-width: 39.9375em){#block_2d37226c2a12283e8e58ccdb801a3dc2{margin-bottom:0.5rem;padding-bottom:1.25rem;}}@media screen and (min-width: 40em) and (max-width: 63.9375em){#block_2d37226c2a12283e8e58ccdb801a3dc2{margin-bottom:1rem;padding-bottom:2.5rem;}}@media screen and (min-width: 64em){#block_2d37226c2a12283e8e58ccdb801a3dc2{margin-bottom:1rem;padding-bottom:2.5rem;}}<\/style>\n                <style><\/style>\n        \n    <div class=\"main-slider\">\n        <div class=\"swiper-container carousel slider\" data-slider-options='{\"loop\":true,\"autoHeight\":false,\"centeredSlides\":true,\"slidesPerGroup\":1,\"slidesPerView\":\"1\",\"spaceBetween\":10,\"loopAdditionalSlides\":0,\"breakpoints\":{\"640\":{\"slidesPerView\":\"1\",\"spaceBetween\":20},\"1024\":{\"slidesPerView\":\"1\",\"spaceBetween\":30}}}'>\n    \n    <div class=\"swiper-wrapper\">\n        <div class=\"swiper-slide has-aspect-ratio-16-9\">\n                    <div class=\"image object-position-center\">\n                                                    <img loading=\"lazy\" decoding=\"async\" src=\"https:\/\/witeburch.nl\/wp-content\/uploads\/2024\/02\/De-Wite-Burch-1275x956.jpg\" alt=\"De Wite Burch\" width=\"1728\" height=\"1296\">\n                                            <\/div>\n        \n            <\/div>\n    <\/div>\n\n    \n    \n    \n    \n    \n    \n    \n    <\/div>\n\n\n\n\n    <\/div>\n\n    <\/section>\n<\/div>\n<\/div>\n<\/div><style>#ms-container-67cf894.has-background:before {\n\tbackground-color: transparent;\n}\n \n@media screen and (max-width: 39.9375em) {\n\t#ms-container-67cf894 {\n\t\tmargin-top: -6rem;\n\n\t}\n}\n\n@media screen and (min-width: 40em) and (max-width: 63.9375em) {\n\t#ms-container-67cf894 {\n\t\tmargin-top: -12rem;\n\n\t}\n}\n\n@media screen and (min-width: 64em) {\n\t#ms-container-67cf894 {\n\t\tmargin-top: -12rem;\n\n\t}\n}<\/style><\/div>\n\n\n\n<div id=\"ms-container-03418aa\" class=\"wp-block-ms-container alignfull has-height-normal\"><div class=\"ms-container--wrapper alignsmall\"><section class=\"ms_advanced-title text-left\" id=\"block_33e1575f7c223f5bedb5eb6ba902a86f\" style=\"--sideline-color: #95C11F;\">\n            <style>@media screen and (max-width: 39.9375em){#block_33e1575f7c223f5bedb5eb6ba902a86f{padding-top:0.75rem;padding-bottom:0.75rem;}}@media screen and (min-width: 40em) and (max-width: 63.9375em){#block_33e1575f7c223f5bedb5eb6ba902a86f{padding-top:1.5rem;padding-bottom:1.5rem;}}@media screen and (min-width: 64em){#block_33e1575f7c223f5bedb5eb6ba902a86f{padding-top:1.5rem;padding-bottom:1.5rem;}}<\/style>\n    \n            \n                    <h2 style=\"\" class=\"title h3\">\n                Hulpdiensten\n\n                <\/h2>\n        \n        \n            \n    <\/section>\n\n\n\n\n<figure class=\"wp-block-table\"><table><tbody><tr><td>Huisarts<\/td><td>Huisartsen Bakhuizen, Skuniadyk 12, Bakhuizen<\/td><td><strong>T <a href=\"tel:0514581287\">0514 &#8211; 58 12 87<\/a><\/strong><\/td><\/tr><tr><td>Tandarts<\/td><td>Jos\u00e9 A. Gonz\u00e1lez, Bovenweg 2A<em>, Koudum<\/em><\/td><td><strong>T <a href=\"tel:0514522424\">0514 &#8211; 52 24 24<\/a><\/strong><\/td><\/tr><tr><td>Dierenarts<\/td><td>Van Waard tot Klif,&nbsp;<em>Dammenseweg 18c, Koudum<\/em><\/td><td><strong>T <a href=\"tel:0514521888\">0514 &#8211; 52 18 88<\/a><\/strong><\/td><\/tr><\/tbody><\/table><\/figure>\n\n\n\n<p class=\"wp-block-paragraph\">In geval van nood staan wij altijd voor je klaar. Je&nbsp;vindt ons bij de receptie of kunt ons telefonisch bereiken op <a href=\"tel:0514581382\">0514 58 13 82<\/a>.&nbsp;<\/p>\n<\/div><style>#ms-container-03418aa.has-background:before {\n\tbackground-color: transparent;\n}\n \n@media screen and (max-width: 39.9375em) {\n\t#ms-container-03418aa {\n\t\tpadding-top: 2rem;\n\t\tpadding-bottom: 2rem;\n\n\t}\n}\n\n@media screen and (min-width: 40em) and (max-width: 63.9375em) {\n\t#ms-container-03418aa {\n\t\tpadding-top: 4rem;\n\t\tpadding-bottom: 4rem;\n\n\t}\n}\n\n@media screen and (min-width: 64em) {\n\t#ms-container-03418aa {\n\t\tpadding-top: 4rem;\n\t\tpadding-bottom: 4rem;\n\n\t}\n}<\/style><\/div>\n\n\n\n<div id=\"ms-container-5582f28\" class=\"wp-block-ms-container alignfull has-height-normal\"><div class=\"ms-container--wrapper alignnormal\"><section class=\"ms_advanced-title text-center quote\" id=\"block_5e6da294a012084367b868bcce7c387c\" style=\"--sideline-color: #95C11F;\">\n            <style>@media screen and (max-width: 39.9375em){#block_5e6da294a012084367b868bcce7c387c{padding-top:0.5rem;padding-bottom:0.5rem;}}@media screen and (min-width: 40em) and (max-width: 63.9375em){#block_5e6da294a012084367b868bcce7c387c{padding-top:1rem;padding-bottom:1rem;}}@media screen and (min-width: 64em){#block_5e6da294a012084367b868bcce7c387c{padding-top:1rem;padding-bottom:1rem;}}<\/style>\n    \n            \n                    <h2 style=\"\" class=\"title h2\">\n                Gaasterland biedt frisse lucht, sfeervolle bossen, groene weiden en veel recreatiewater.\n\n                <\/h2>\n        \n        \n            \n    <\/section>\n\n<\/div><style>#ms-container-5582f28.has-background:before {\n\tbackground-color: transparent;\n}\n \n@media screen and (max-width: 39.9375em) {\n\t#ms-container-5582f28 {\n\t\tpadding-top: 2rem;\n\t\tpadding-bottom: 2rem;\n\n\t}\n}\n\n@media screen and (min-width: 40em) and (max-width: 63.9375em) {\n\t#ms-container-5582f28 {\n\t\tpadding-top: 4rem;\n\t\tpadding-bottom: 4rem;\n\n\t}\n}\n\n@media screen and (min-width: 64em) {\n\t#ms-container-5582f28 {\n\t\tpadding-top: 4rem;\n\t\tpadding-bottom: 4rem;\n\n\t}\n}<\/style><\/div>\n\n\n\n<div id=\"ms-container-1cc7ae2\" class=\"wp-block-ms-container alignfull has-height-normal\"><div class=\"ms-container--wrapper alignnormal\"><div class=\"ms_cards has-slider zigzag with-arrow-styling has-arrows-inside alignfull page-slider\" data-equalizer id=\"block_3cbf63fdfe3ce207ad46df1f1766e5e5\">\n            <style>@media screen and (max-width: 39.9375em){#block_3cbf63fdfe3ce207ad46df1f1766e5e5{margin-bottom:0.5rem;padding-top:1.25rem;padding-bottom:1.25rem;}}@media screen and (min-width: 40em) and (max-width: 63.9375em){#block_3cbf63fdfe3ce207ad46df1f1766e5e5{margin-bottom:1rem;padding-top:2.5rem;padding-bottom:2.5rem;}}@media screen and (min-width: 64em){#block_3cbf63fdfe3ce207ad46df1f1766e5e5{margin-bottom:1rem;padding-top:2.5rem;padding-bottom:2.5rem;}}<\/style>\n                <style><\/style>\n    \n    \n            <script>\n    var cardSliders = cardSliders ? cardSliders : [];\n    var blockID = \"block_3cbf63fdfe3ce207ad46df1f1766e5e5\";\n    cardSliders.push({\n        id: blockID,\n        container: '#' + blockID + ' .card-slider'\n    });\n<\/script>\n\n<div class=\"swiper-container card-slider slider\"\n    data-slider-options=\"{&quot;loop&quot;:true,&quot;autoHeight&quot;:false,&quot;centeredSlides&quot;:true,&quot;slidesPerGroup&quot;:1,&quot;slidesPerView&quot;:&quot;1&quot;,&quot;spaceBetween&quot;:10,&quot;loopAdditionalSlides&quot;:0,&quot;navigation&quot;:{&quot;nextEl&quot;:&quot;.swiper-button-next&quot;,&quot;prevEl&quot;:&quot;.swiper-button-prev&quot;},&quot;breakpoints&quot;:{&quot;640&quot;:{&quot;slidesPerView&quot;:&quot;3&quot;,&quot;spaceBetween&quot;:20},&quot;1024&quot;:{&quot;slidesPerView&quot;:&quot;2&quot;,&quot;spaceBetween&quot;:10}}}\"\n>\n    \n    <div class=\"cards has-4-items has-3-items-desktop has-3-items-tablet has-1-items-mobile has-16-9-aspect-ratio swiper-wrapper is-small align-middle\">\n        <div class=\"swiper-slide\">\n        <div class=\"item-card\">\n        <div class=\"item-card-inner\">\n                                                                        <a href=\"https:\/\/witeburch.nl\/animatie\/\" >\n                                                    <div class=\"card card-overlay object-position-center\">\n                                                                                            <img loading=\"lazy\" decoding=\"async\" width=\"850\" height=\"534\" src=\"https:\/\/witeburch.nl\/wp-content\/uploads\/2023\/12\/Animatie-en-vermaak.jpeg\" class=\"card-image\" alt=\"Animatie en vermaak\" srcset=\"https:\/\/witeburch.nl\/wp-content\/uploads\/2023\/12\/Animatie-en-vermaak.jpeg 1672w, https:\/\/witeburch.nl\/wp-content\/uploads\/2023\/12\/Animatie-en-vermaak-300x188.jpeg 300w, https:\/\/witeburch.nl\/wp-content\/uploads\/2023\/12\/Animatie-en-vermaak-768x482.jpeg 768w, https:\/\/witeburch.nl\/wp-content\/uploads\/2023\/12\/Animatie-en-vermaak-1024x643.jpeg 1024w, https:\/\/witeburch.nl\/wp-content\/uploads\/2023\/12\/Animatie-en-vermaak-1536x965.jpeg 1536w, https:\/\/witeburch.nl\/wp-content\/uploads\/2023\/12\/Animatie-en-vermaak-18x12.jpeg 18w\" sizes=\"auto, (max-width: 850px) 100vw, 850px\" \/>\n                                                                <div class=\"card-section overlay\">\n                                                                        <p class=\"title h4 line-clamp-[--line-clamp]\" style=\"--line-clamp: 2;\">Kinderen<\/p>\n\n\n    <div class=\"excerpt line-clamp-[--line-clamp]\" style=\"--line-clamp: 4;\">\n        <p><p style=\"text-align: center;\">Voor de kinderen is er van alles te beleven: binnen en buiten. Eindeloos veel speelplezier!<\/p>\n<\/p>\n    <\/div>\n\n\n\n\n                                            <\/div>\n                                    <\/div>\n                                                            <\/a>\n                                                \n                    <\/div>\n    <\/div>\n            <\/div>\n                        <div class=\"swiper-slide\">\n        <div class=\"item-card\">\n        <div class=\"item-card-inner\">\n                                                                        <a href=\"https:\/\/witeburch.nl\/de-wite-burch\/foto-s\/\" >\n                                                    <div class=\"card card-overlay object-position-center\">\n                                                                                            <img loading=\"lazy\" decoding=\"async\" width=\"600\" height=\"410\" src=\"https:\/\/witeburch.nl\/wp-content\/uploads\/2023\/10\/Reportage.jpg\" class=\"card-image\" alt=\"Reportage\" srcset=\"https:\/\/witeburch.nl\/wp-content\/uploads\/2023\/10\/Reportage.jpg 600w, https:\/\/witeburch.nl\/wp-content\/uploads\/2023\/10\/Reportage-300x205.jpg 300w, https:\/\/witeburch.nl\/wp-content\/uploads\/2023\/10\/Reportage-18x12.jpg 18w\" sizes=\"auto, (max-width: 600px) 100vw, 600px\" \/>\n                                                                <div class=\"card-section overlay\">\n                                                                        <p class=\"title h4 line-clamp-[--line-clamp]\" style=\"--line-clamp: 2;\">Reportage<\/p>\n\n\n    <div class=\"excerpt line-clamp-[--line-clamp]\" style=\"--line-clamp: 4;\">\n        <p><p style=\"text-align: center;\">Bekijk de foto-impressie. Het was een jaar om nooit te vergeten!<\/p>\n<\/p>\n    <\/div>\n\n\n\n\n                                            <\/div>\n                                    <\/div>\n                                                            <\/a>\n                                                \n                    <\/div>\n    <\/div>\n            <\/div>\n                        <div class=\"swiper-slide\">\n        <div class=\"item-card\">\n        <div class=\"item-card-inner\">\n                                                                        <a href=\"https:\/\/witeburch.nl\/accommodatie\/groepsaccommodatie\/\" >\n                                                    <div class=\"card card-overlay object-position-center\">\n                                                                                            <img loading=\"lazy\" decoding=\"async\" width=\"774\" height=\"437\" src=\"https:\/\/witeburch.nl\/wp-content\/uploads\/2023\/10\/Groepsaccommodatie-1.png\" class=\"card-image\" alt=\"Groepsaccommodatie (1)\" srcset=\"https:\/\/witeburch.nl\/wp-content\/uploads\/2023\/10\/Groepsaccommodatie-1.png 774w, https:\/\/witeburch.nl\/wp-content\/uploads\/2023\/10\/Groepsaccommodatie-1-300x169.png 300w, https:\/\/witeburch.nl\/wp-content\/uploads\/2023\/10\/Groepsaccommodatie-1-768x434.png 768w, https:\/\/witeburch.nl\/wp-content\/uploads\/2023\/10\/Groepsaccommodatie-1-18x10.png 18w\" sizes=\"auto, (max-width: 774px) 100vw, 774px\" \/>\n                                                                <div class=\"card-section overlay\">\n                                                                        <p class=\"title h4 line-clamp-[--line-clamp]\" style=\"--line-clamp: 2;\">Groepen<\/p>\n\n\n    <div class=\"excerpt line-clamp-[--line-clamp]\" style=\"--line-clamp: 4;\">\n        <p><p style=\"text-align: center;\">Bekijk hier onze nieuwe chalets, ideaal voor een prachtige groepsvakantie!<\/p>\n<\/p>\n    <\/div>\n\n\n\n\n                                            <\/div>\n                                    <\/div>\n                                                            <\/a>\n                                                \n                    <\/div>\n    <\/div>\n            <\/div>\n                        <div class=\"swiper-slide\">\n        <div class=\"item-card\">\n        <div class=\"item-card-inner\">\n                                                                        <a href=\"https:\/\/witeburch.nl\/de-wite-burch\/inspiratie-top-30\/\" >\n                                                    <div class=\"card card-overlay object-position-center\">\n                                                                                            <img loading=\"lazy\" decoding=\"async\" width=\"774\" height=\"437\" src=\"https:\/\/witeburch.nl\/wp-content\/uploads\/2023\/12\/Inspiratie-top-30-1.png\" class=\"card-image\" alt=\"Inspiratie Top 30\" srcset=\"https:\/\/witeburch.nl\/wp-content\/uploads\/2023\/12\/Inspiratie-top-30-1.png 774w, https:\/\/witeburch.nl\/wp-content\/uploads\/2023\/12\/Inspiratie-top-30-1-300x169.png 300w, https:\/\/witeburch.nl\/wp-content\/uploads\/2023\/12\/Inspiratie-top-30-1-768x434.png 768w, https:\/\/witeburch.nl\/wp-content\/uploads\/2023\/12\/Inspiratie-top-30-1-18x10.png 18w, https:\/\/witeburch.nl\/wp-content\/uploads\/2023\/12\/Inspiratie-top-30-1-425x240.png 425w, https:\/\/witeburch.nl\/wp-content\/uploads\/2023\/12\/Inspiratie-top-30-1-200x113.png 200w\" sizes=\"auto, (max-width: 774px) 100vw, 774px\" \/>\n                                                                <div class=\"card-section overlay\">\n                                                                        <p class=\"title h4 line-clamp-[--line-clamp]\" style=\"--line-clamp: 2;\">Inspiratie &#8211; Top 30<\/p>\n\n\n    <div class=\"excerpt line-clamp-[--line-clamp]\" style=\"--line-clamp: 4;\">\n        <p><p style=\"text-align: center;\">Er valt veel te beleven in de omgeving. Laat je inspireren en geniet extra van je vakantie!<\/p>\n<\/p>\n    <\/div>\n\n\n\n\n                                            <\/div>\n                                    <\/div>\n                                                            <\/a>\n                                                \n                    <\/div>\n    <\/div>\n            <\/div>\n    <\/div>\n\n    \n    \n    \n            <div class=\"swiper-button-prev  main-button \">\n            <iconify-icon class=\"iconify \" icon=\"far:chevron-left\" aria-hidden=\"true\"><\/iconify-icon>\n            \n            <\/div>\n        <div class=\"swiper-button-next  main-button \">\n            <iconify-icon class=\"iconify \" icon=\"far:chevron-right\" aria-hidden=\"true\"><\/iconify-icon>\n            \n            <\/div>\n    \n    \n    \n    \n    <\/div>\n\n\n\n\n\n    \n    \n    <\/div>\n\n    <\/div><style>#ms-container-1cc7ae2.has-background:before {\n\tbackground-color: transparent;\n}\n \n@media screen and (max-width: 39.9375em) {\n\t#ms-container-1cc7ae2 {\n\t\tpadding-top: 2rem;\n\t\tpadding-bottom: 2rem;\n\n\t}\n}\n\n@media screen and (min-width: 40em) and (max-width: 63.9375em) {\n\t#ms-container-1cc7ae2 {\n\t\tpadding-top: 4rem;\n\t\tpadding-bottom: 4rem;\n\n\t}\n}\n\n@media screen and (min-width: 64em) {\n\t#ms-container-1cc7ae2 {\n\t\tpadding-top: 4rem;\n\t\tpadding-bottom: 4rem;\n\n\t}\n}<\/style><\/div>\n\n\n<section id=\"block_12cfa084fc5623ba527e05208c85f046\" class=\"ms_advanced-media-text footer-cta\">\n            <style>@media screen and (max-width: 39.9375em){#block_12cfa084fc5623ba527e05208c85f046{margin-bottom:-2.5rem;}}@media screen and (min-width: 40em) and (max-width: 63.9375em){#block_12cfa084fc5623ba527e05208c85f046{margin-bottom:-5rem;}}@media screen and (min-width: 64em){#block_12cfa084fc5623ba527e05208c85f046{margin-bottom:-5rem;}}<\/style>\n    \n            <style>@media screen and (max-width: 39.9375em){#block_12cfa084fc5623ba527e05208c85f046 .text{padding-top:1.25rem;padding-bottom:1.25rem;padding-left:1.5rem;padding-right:1.5rem;}}@media screen and (min-width: 40em) and (max-width: 63.9375em){#block_12cfa084fc5623ba527e05208c85f046 .text{padding-top:2.5rem;padding-bottom:2.5rem;padding-left:3rem;padding-right:3rem;}}@media screen and (min-width: 64em){#block_12cfa084fc5623ba527e05208c85f046 .text{padding-top:2.5rem;padding-bottom:2.5rem;padding-left:3rem;padding-right:3rem;}}<\/style>\n    \n    \n    <div class=\"wrapper reverse\">\n        <div class=\"text\" style=\"background-color: #f39200;\">\n            <div class=\"acf-innerblocks-container\">\n<section class=\"ms_advanced-title text-left\" id=\"block_9bbea436eefc27f8a1f23e0da2e014af\" style=\"--sideline-color: #95C11F;\">\n            <style>@media screen and (max-width: 39.9375em){#block_9bbea436eefc27f8a1f23e0da2e014af{margin-bottom:0.5rem;padding-top:0.5rem;padding-bottom:0.5rem;}}@media screen and (min-width: 40em) and (max-width: 63.9375em){#block_9bbea436eefc27f8a1f23e0da2e014af{margin-bottom:1rem;padding-top:1rem;padding-bottom:1rem;}}@media screen and (min-width: 64em){#block_9bbea436eefc27f8a1f23e0da2e014af{margin-bottom:1rem;padding-top:1rem;padding-bottom:1rem;}}<\/style>\n    \n            \n                    <h2 style=\"--heading-color: #ffffff;\" class=\"title h2\">\n                Vier je vakantie op recreatiepark<br>\nDe Wite Burch\n\n                <\/h2>\n        \n        \n            \n    <\/section>\n\n\n\n\n<p class=\"has-secondary-color has-text-color has-link-color wp-elements-95214952f49e47bd5ec2aec36598727b wp-block-paragraph\"><strong>Geniet van een fantastische tijd in een bos- en waterrijke omgeving<\/strong><\/p>\n\n\n<div class=\"ms_button\" id=\"block_ad28161f65881b329d468dadd58ad221\">\n            <style>@media screen and (max-width: 39.9375em){#block_ad28161f65881b329d468dadd58ad221{margin-top:1rem;margin-bottom:0.5rem;}}@media screen and (min-width: 40em) and (max-width: 63.9375em){#block_ad28161f65881b329d468dadd58ad221{margin-top:2rem;margin-bottom:1rem;}}@media screen and (min-width: 64em){#block_ad28161f65881b329d468dadd58ad221{margin-top:2rem;margin-bottom:1rem;}}<\/style>\n        <a class=\"button hollow light\" id=\"block_ad28161f65881b329d468dadd58ad221_button\" href=\"\/zoek-en-boek\/\" target=\"\">\n                <span class=\"button-text\">\n                        Boek nu\n                    <\/span>\n            <\/a>\n<\/div>\n\n<\/div>\n        <\/div>\n                    <div class=\"media image\">\n                <img loading=\"lazy\" decoding=\"async\" width=\"600\" height=\"450\" src=\"https:\/\/witeburch.nl\/wp-content\/uploads\/2023\/10\/media_470_491019_w600.jpg\" class=\"attachment-full size-full\" alt=\"Kamperen Friesland\" style=\"object-position: 50% 50%;\" srcset=\"https:\/\/witeburch.nl\/wp-content\/uploads\/2023\/10\/media_470_491019_w600.jpg 600w, https:\/\/witeburch.nl\/wp-content\/uploads\/2023\/10\/media_470_491019_w600-16x12.jpg 16w, https:\/\/witeburch.nl\/wp-content\/uploads\/2023\/10\/media_470_491019_w600-300x225.jpg 300w\" sizes=\"auto, (max-width: 600px) 100vw, 600px\">\n            <\/div>\n            <\/div>\n<\/section>\n","protected":false},"excerpt":{"rendered":"<p>Die Rezeption ist t\u00e4glich ge\u00f6ffnet; die aktuellen \u00d6ffnungszeiten k\u00f6nnen Sie dem Aushang an der Eingangst\u00fcr entnehmen. Hier k\u00f6nnen Sie auch Ihre Post abholen. Achten Sie darauf, dass Ihr Name deutlich auf der Post vermerkt ist. An der Rezeption erhalten Sie eine Campingkarte f\u00fcr die Wasch- und Trockenmaschine im Waschsalon und f\u00fcr Warmwasser. GP GP Bakhuizen, Skuniadyk 12, Bakhuizen....<\/p>","protected":false},"author":1,"featured_media":3773,"parent":23,"menu_order":21,"comment_status":"closed","ping_status":"closed","template":"","meta":{"_acf_changed":false,"_crdt_document":"","footnotes":""},"class_list":["post-245","page","type-page","status-publish","has-post-thumbnail","hentry"],"acf":[],"_links":{"self":[{"href":"https:\/\/witeburch.nl\/de\/wp-json\/wp\/v2\/pages\/245","targetHints":{"allow":["GET"]}}],"collection":[{"href":"https:\/\/witeburch.nl\/de\/wp-json\/wp\/v2\/pages"}],"about":[{"href":"https:\/\/witeburch.nl\/de\/wp-json\/wp\/v2\/types\/page"}],"author":[{"embeddable":true,"href":"https:\/\/witeburch.nl\/de\/wp-json\/wp\/v2\/users\/1"}],"replies":[{"embeddable":true,"href":"https:\/\/witeburch.nl\/de\/wp-json\/wp\/v2\/comments?post=245"}],"version-history":[{"count":23,"href":"https:\/\/witeburch.nl\/de\/wp-json\/wp\/v2\/pages\/245\/revisions"}],"predecessor-version":[{"id":5949,"href":"https:\/\/witeburch.nl\/de\/wp-json\/wp\/v2\/pages\/245\/revisions\/5949"}],"up":[{"embeddable":true,"href":"https:\/\/witeburch.nl\/de\/wp-json\/wp\/v2\/pages\/23"}],"wp:featuredmedia":[{"embeddable":true,"href":"https:\/\/witeburch.nl\/de\/wp-json\/wp\/v2\/media\/3773"}],"wp:attachment":[{"href":"https:\/\/witeburch.nl\/de\/wp-json\/wp\/v2\/media?parent=245"}],"curies":[{"name":"wp","href":"https:\/\/api.w.org\/{rel}","templated":true}]}}