{"id":437,"date":"2023-10-18T13:22:59","date_gmt":"2023-10-18T13:22:59","guid":{"rendered":"https:\/\/witeburch.nl\/?page_id=437"},"modified":"2025-07-04T07:22:52","modified_gmt":"2025-07-04T07:22:52","slug":"beschwerdemechanismus","status":"publish","type":"page","link":"https:\/\/witeburch.nl\/de\/klachtenregeling\/","title":{"rendered":"Beschwerderegelung"},"content":{"rendered":"\n<div id=\"ms-container-98ce4b2\" class=\"wp-block-ms-container alignfull has-background has-background-image has-background-opacity-3 has-height-half forground page-header\" style=\"background-image:url(https:\/\/witeburch.nl\/wp-content\/uploads\/2023\/12\/DeWiteBurch5-scaled.jpeg);background-position:51% 74%;background-size:cover;background-repeat:no-repeat\"><div class=\"ms-container--wrapper alignnormal\">\n<div class=\"wp-block-columns justify-space-center\">\n<div class=\"wp-block-column\" style=\"flex-basis:80%\"><section class=\"ms_advanced-title text-left\" id=\"block_5eda6fb065ea6ac439d29b31806092ae\" style=\"--sideline-color: #95C11F;\">\n            <style>@media screen and (max-width: 39.9375em){#block_5eda6fb065ea6ac439d29b31806092ae{padding-top:1.25rem;padding-bottom:1.25rem;}}@media screen and (min-width: 40em) and (max-width: 63.9375em){#block_5eda6fb065ea6ac439d29b31806092ae{padding-top:2.5rem;padding-bottom:2.5rem;}}@media screen and (min-width: 64em){#block_5eda6fb065ea6ac439d29b31806092ae{padding-top:2.5rem;padding-bottom:2.5rem;}}<\/style>\n    \n            \n                    <h1 style=\"--heading-color: #ffffff;\" class=\"title h1\">\n                Klachtenregeling\n\n                <\/h1>\n        \n        \n            \n    <\/section>\n\n<\/div>\n<\/div>\n<\/div><style>#ms-container-98ce4b2.has-background:before {\n\tbackground-color: #29235c;\n}\n<\/style><\/div>\n\n\n\n<div id=\"ms-container-fe69d88\" class=\"wp-block-ms-container alignfull has-background has-background-opacity-10 has-height-normal\"><div class=\"ms-container--wrapper alignnormal\"><div id=\"block_8c0fb66010d1ada4eefd9751f6097b28\" class=\"ms_breadcrumbs\">\n            <style>@media screen and (max-width: 39.9375em){#block_8c0fb66010d1ada4eefd9751f6097b28{margin-bottom:0.5rem;padding-top:1.25rem;padding-bottom:1.25rem;}}@media screen and (min-width: 40em) and (max-width: 63.9375em){#block_8c0fb66010d1ada4eefd9751f6097b28{margin-bottom:1rem;padding-top:2.5rem;padding-bottom:2.5rem;}}@media screen and (min-width: 64em){#block_8c0fb66010d1ada4eefd9751f6097b28{margin-bottom:1rem;padding-top:2.5rem;padding-bottom:2.5rem;}}<\/style>\n    \n    <ul id=\"breadcrumbs\" class=\"breadcrumbs\"><li itemprop=\"itemListElement\" itemscope itemtype=\"http:\/\/schema.org\/ListItem\"><a class=\"breadcrumbs__link\" href=\"https:\/\/witeburch.nl\/de\/\" itemprop=\"item\" title=\"Home\"><span itemprop=\"name\" style=\"display: none;\">Home<\/span><iconify-icon class=\"iconify icon-fw\" icon=\"far:home\" aria-hidden=\"true\"><\/iconify-icon>\n            \n    <\/a><meta itemprop=\"position\" content=\"1\" \/><\/li><\/ul>\n<\/div>\n\n\n\n<div class=\"wp-block-columns justify-space-center\">\n<div class=\"wp-block-column\" style=\"flex-basis:80%\">\n<p class=\"intro no-translate has-white-color has-text-color has-link-color wp-elements-fb3f19ad828f550ddaab1ad5b3460387 wp-block-paragraph\">Ben je ondanks de zorg en inspanning niet geheel tevreden over uw vakantieverblijf? Je kunt er dan voor kiezen om een klacht in te dienen. Om je zo goed mogelijk van dienst te zijn, vragen wij je om onderstaande klachtenprocedure te volgen.<\/p>\n\n\n\n<div id=\"ms-shape-divider-788f4e6\" class=\"wp-block-ms-shape-divider alignfull\"><svg width=\"100%\" viewBox=\"0 0 610 32\" xmlns=\"http:\/\/www.w3.org\/2000\/svg\" aria-hidden=\"true\"><\/svg><style>\n@media screen and (max-width: 39.9375em) {\n\t#ms-shape-divider-788f4e6 {\n\t\tz-index: 5;\n\n\t}\n}\n\n@media screen and (min-width: 40em) and (max-width: 63.9375em) {\n\t#ms-shape-divider-788f4e6 {\n\t\tz-index: 10;\n\n\t}\n}\n\n@media screen and (min-width: 64em) {\n\t#ms-shape-divider-788f4e6 {\n\t\tz-index: 10;\n\n\t}\n}<\/style><\/div>\n\n\n<section class=\"ms_advanced-title text-left no-translate\" id=\"block_81dc87346fd7d2e5875ff9e691ab00eb\" style=\"--sideline-color: #95C11F;\">\n            <style>@media screen and (max-width: 39.9375em){#block_81dc87346fd7d2e5875ff9e691ab00eb{padding-top:0.75rem;padding-bottom:0.75rem;}}@media screen and (min-width: 40em) and (max-width: 63.9375em){#block_81dc87346fd7d2e5875ff9e691ab00eb{padding-top:1.5rem;padding-bottom:1.5rem;}}@media screen and (min-width: 64em){#block_81dc87346fd7d2e5875ff9e691ab00eb{padding-top:1.5rem;padding-bottom:1.5rem;}}<\/style>\n    \n            \n                    <h2 style=\"\" class=\"title h3\">\n                Stap 1\n\n                <\/h2>\n        \n        \n            \n    <\/section>\n\n\n\n\n<p class=\"intro no-translate has-white-color has-text-color has-link-color wp-elements-1ec8ad84c5ed95fa7b1321c75c1da87c wp-block-paragraph\">Klachten dien je&nbsp;in eerste instantie ter plaatse en direct bij het&nbsp;management&nbsp;van het park te melden, zodat de mogelijkheid kan worden geboden om de klacht ter plaatse op te lossen.<\/p>\n\n\n\n<div id=\"ms-shape-divider-9d2ba1a\" class=\"wp-block-ms-shape-divider alignfull\"><svg width=\"100%\" viewBox=\"0 0 610 32\" xmlns=\"http:\/\/www.w3.org\/2000\/svg\" aria-hidden=\"true\"><\/svg><style>\n@media screen and (max-width: 39.9375em) {\n\t#ms-shape-divider-9d2ba1a {\n\t\tz-index: 5;\n\n\t}\n}\n\n@media screen and (min-width: 40em) and (max-width: 63.9375em) {\n\t#ms-shape-divider-9d2ba1a {\n\t\tz-index: 10;\n\n\t}\n}\n\n@media screen and (min-width: 64em) {\n\t#ms-shape-divider-9d2ba1a {\n\t\tz-index: 10;\n\n\t}\n}<\/style><\/div>\n\n\n<section class=\"ms_advanced-title text-left no-translate\" id=\"block_168e120f935d078b6d57fc69e69996f7\" style=\"--sideline-color: #95C11F;\">\n            <style>@media screen and (max-width: 39.9375em){#block_168e120f935d078b6d57fc69e69996f7{padding-top:0.75rem;padding-bottom:0.75rem;}}@media screen and (min-width: 40em) and (max-width: 63.9375em){#block_168e120f935d078b6d57fc69e69996f7{padding-top:1.5rem;padding-bottom:1.5rem;}}@media screen and (min-width: 64em){#block_168e120f935d078b6d57fc69e69996f7{padding-top:1.5rem;padding-bottom:1.5rem;}}<\/style>\n    \n            \n                    <h2 style=\"\" class=\"title h3\">\n                Stap 2\n\n                <\/h2>\n        \n        \n            \n    <\/section>\n\n\n\n\n<p class=\"intro no-translate has-white-color has-text-color has-link-color wp-elements-86cdde6bb1394666eb218faffd097624 wp-block-paragraph\">Indien een klacht ondanks de inspanningen van het parkmanagement niet naar tevredenheid is opgelost, dan heb je&nbsp;uiterlijk&nbsp;\u00e9\u00e9n maand&nbsp;na vertrek uit het park van uw verblijf de gelegenheid om de klacht&nbsp;schriftelijk&nbsp;in te dienen per post of mail o.v.v. reserveringsnummer, NAW-gegevens, datum verblijf en accommodatie- of perceelnummer. Je&nbsp;klacht wordt altijd met de grootste zorg behandeld.<\/p>\n\n\n\n<p class=\"intro no-translate has-white-color has-text-color has-link-color wp-elements-032f6b31ef82ff8fa1448dec7c95229e wp-block-paragraph\"><strong>Contactgegevens<\/strong>&nbsp;<br>Recreatiepark de Wite Burch&nbsp;<br>Afdeling Gastenservice&nbsp;<br>Wite Burch 7<\/p>\n\n\n\n<p class=\"intro no-translate has-white-color has-text-color has-link-color wp-elements-943d48d0e4daedd38b9534e33db7ad5d wp-block-paragraph\">8574 VC Bakhuizen&nbsp;<br><a href=\"mailto:info@witeburch.nl\">info@witeburch.nl<\/a><\/p>\n\n\n\n<p class=\"intro no-translate has-white-color has-text-color has-link-color wp-elements-2e9aa26725cd6bf76acc8abafe7ee9a1 wp-block-paragraph\">Ingediende klachten worden beantwoord binnen een termijn van 14 dagen, gerekend vanaf de datum van ontvangst. Als een klacht een voorzienbaar langere verwerkingstijd vraagt, wordt binnen de termijn van 14 dagen geantwoord met een bericht van ontvangst en een indicatie wanneer je&nbsp;een meer uitvoerig antwoord kan verwachten.<\/p>\n\n\n\n<div id=\"ms-shape-divider-8492799\" class=\"wp-block-ms-shape-divider alignfull\"><svg width=\"100%\" viewBox=\"0 0 610 32\" xmlns=\"http:\/\/www.w3.org\/2000\/svg\" aria-hidden=\"true\"><\/svg><style>\n@media screen and (max-width: 39.9375em) {\n\t#ms-shape-divider-8492799 {\n\t\tz-index: 5;\n\n\t}\n}\n\n@media screen and (min-width: 40em) and (max-width: 63.9375em) {\n\t#ms-shape-divider-8492799 {\n\t\tz-index: 10;\n\n\t}\n}\n\n@media screen and (min-width: 64em) {\n\t#ms-shape-divider-8492799 {\n\t\tz-index: 10;\n\n\t}\n}<\/style><\/div>\n\n\n<section class=\"ms_advanced-title text-left no-translate\" id=\"block_bdea51a9ea65d157c31e83a6b99290ee\" style=\"--sideline-color: #95C11F;\">\n            <style>@media screen and (max-width: 39.9375em){#block_bdea51a9ea65d157c31e83a6b99290ee{padding-top:0.75rem;padding-bottom:0.75rem;}}@media screen and (min-width: 40em) and (max-width: 63.9375em){#block_bdea51a9ea65d157c31e83a6b99290ee{padding-top:1.5rem;padding-bottom:1.5rem;}}@media screen and (min-width: 64em){#block_bdea51a9ea65d157c31e83a6b99290ee{padding-top:1.5rem;padding-bottom:1.5rem;}}<\/style>\n    \n            \n                    <h2 style=\"\" class=\"title h3\">\n                Stap 3\n\n                <\/h2>\n        \n        \n            \n    <\/section>\n\n\n\n\n<p class=\"intro no-translate has-white-color has-text-color has-link-color wp-elements-2943e405078c7f4f925336d44de20f92 wp-block-paragraph\">Mocht ook dit niet tot een bevredigende oplossing leiden, dan heb je&nbsp;tot uiterlijk 3 maanden na vertrek van het park de gelegenheid om de klacht te laten behandelen door de Geschillencommissie Recreatie in Den Haag dan wel de klacht voor te leggen aan de volgens de wet bevoegde rechter. De beslissing van deze commissie heeft de kracht van een bindend advies.<\/p>\n<\/div>\n<\/div>\n<\/div><style>#ms-container-fe69d88.has-background:before {\n\tbackground-color: #95C11F;\n}\n \n@media screen and (max-width: 39.9375em) {\n\t#ms-container-fe69d88 {\n\t\tmargin-top: -4rem;\n\t\tpadding-top: 4rem;\n\t\tpadding-bottom: 7.5rem;\n\n\t}\n}\n\n@media screen and (min-width: 40em) and (max-width: 63.9375em) {\n\t#ms-container-fe69d88 {\n\t\tmargin-top: -8rem;\n\t\tpadding-top: 8rem;\n\t\tpadding-bottom: 15rem;\n\n\t}\n}\n\n@media screen and (min-width: 64em) {\n\t#ms-container-fe69d88 {\n\t\tmargin-top: -8rem;\n\t\tpadding-top: 8rem;\n\t\tpadding-bottom: 15rem;\n\n\t}\n}<\/style><\/div>\n\n\n\n<div id=\"ms-container-1cc7ae2\" class=\"wp-block-ms-container alignfull has-height-normal\"><div class=\"ms-container--wrapper alignnormal\"><div class=\"ms_cards has-slider zigzag with-arrow-styling has-arrows-inside alignfull page-slider\" data-equalizer id=\"block_5696f90f28402bf9b55c8dfaa9bccbaf\">\n            <style>@media screen and (max-width: 39.9375em){#block_5696f90f28402bf9b55c8dfaa9bccbaf{margin-bottom:0.5rem;padding-top:1.25rem;padding-bottom:1.25rem;}}@media screen and (min-width: 40em) and (max-width: 63.9375em){#block_5696f90f28402bf9b55c8dfaa9bccbaf{margin-bottom:1rem;padding-top:2.5rem;padding-bottom:2.5rem;}}@media screen and (min-width: 64em){#block_5696f90f28402bf9b55c8dfaa9bccbaf{margin-bottom:1rem;padding-top:2.5rem;padding-bottom:2.5rem;}}<\/style>\n                <style><\/style>\n    \n    \n            <script>\n    var cardSliders = cardSliders ? cardSliders : [];\n    var blockID = \"block_5696f90f28402bf9b55c8dfaa9bccbaf\";\n    cardSliders.push({\n        id: blockID,\n        container: '#' + blockID + ' .card-slider'\n    });\n<\/script>\n\n<div class=\"swiper-container card-slider slider\"\n    data-slider-options=\"{&quot;loop&quot;:true,&quot;autoHeight&quot;:false,&quot;centeredSlides&quot;:true,&quot;slidesPerGroup&quot;:1,&quot;slidesPerView&quot;:&quot;1&quot;,&quot;spaceBetween&quot;:10,&quot;loopAdditionalSlides&quot;:0,&quot;navigation&quot;:{&quot;nextEl&quot;:&quot;.swiper-button-next&quot;,&quot;prevEl&quot;:&quot;.swiper-button-prev&quot;},&quot;breakpoints&quot;:{&quot;640&quot;:{&quot;slidesPerView&quot;:&quot;3&quot;,&quot;spaceBetween&quot;:20},&quot;1024&quot;:{&quot;slidesPerView&quot;:&quot;2&quot;,&quot;spaceBetween&quot;:10}}}\"\n>\n    \n    <div class=\"cards has-4-items has-3-items-desktop has-3-items-tablet has-1-items-mobile has-16-9-aspect-ratio swiper-wrapper is-small align-middle\">\n        <div class=\"swiper-slide\">\n        <div class=\"item-card\">\n        <div class=\"item-card-inner\">\n                                                                        <a href=\"https:\/\/witeburch.nl\/animatie\/\" >\n                                                    <div class=\"card card-overlay object-position-center\">\n                                                                                            <img loading=\"lazy\" decoding=\"async\" width=\"850\" height=\"534\" src=\"https:\/\/witeburch.nl\/wp-content\/uploads\/2023\/12\/Animatie-en-vermaak.jpeg\" class=\"card-image\" alt=\"Animatie en vermaak\" srcset=\"https:\/\/witeburch.nl\/wp-content\/uploads\/2023\/12\/Animatie-en-vermaak.jpeg 1672w, https:\/\/witeburch.nl\/wp-content\/uploads\/2023\/12\/Animatie-en-vermaak-300x188.jpeg 300w, https:\/\/witeburch.nl\/wp-content\/uploads\/2023\/12\/Animatie-en-vermaak-768x482.jpeg 768w, https:\/\/witeburch.nl\/wp-content\/uploads\/2023\/12\/Animatie-en-vermaak-1024x643.jpeg 1024w, https:\/\/witeburch.nl\/wp-content\/uploads\/2023\/12\/Animatie-en-vermaak-1536x965.jpeg 1536w, https:\/\/witeburch.nl\/wp-content\/uploads\/2023\/12\/Animatie-en-vermaak-18x12.jpeg 18w\" sizes=\"auto, (max-width: 850px) 100vw, 850px\" \/>\n                                                                <div class=\"card-section overlay\">\n                                                                        <p class=\"title h4 line-clamp-[--line-clamp]\" style=\"--line-clamp: 2;\">Kinderen<\/p>\n\n\n    <div class=\"excerpt line-clamp-[--line-clamp]\" style=\"--line-clamp: 4;\">\n        <p><p style=\"text-align: center;\">Voor de kinderen is er van alles te beleven: binnen en buiten. Eindeloos veel speelplezier!<\/p>\n<\/p>\n    <\/div>\n\n\n\n\n                                            <\/div>\n                                    <\/div>\n                                                            <\/a>\n                                                \n                    <\/div>\n    <\/div>\n            <\/div>\n                        <div class=\"swiper-slide\">\n        <div class=\"item-card\">\n        <div class=\"item-card-inner\">\n                                                                        <a href=\"https:\/\/witeburch.nl\/de-wite-burch\/foto-s\/\" >\n                                                    <div class=\"card card-overlay object-position-center\">\n                                                                                            <img loading=\"lazy\" decoding=\"async\" width=\"600\" height=\"410\" src=\"https:\/\/witeburch.nl\/wp-content\/uploads\/2023\/10\/Reportage.jpg\" class=\"card-image\" alt=\"Reportage\" srcset=\"https:\/\/witeburch.nl\/wp-content\/uploads\/2023\/10\/Reportage.jpg 600w, https:\/\/witeburch.nl\/wp-content\/uploads\/2023\/10\/Reportage-300x205.jpg 300w, https:\/\/witeburch.nl\/wp-content\/uploads\/2023\/10\/Reportage-18x12.jpg 18w\" sizes=\"auto, (max-width: 600px) 100vw, 600px\" \/>\n                                                                <div class=\"card-section overlay\">\n                                                                        <p class=\"title h4 line-clamp-[--line-clamp]\" style=\"--line-clamp: 2;\">Reportage<\/p>\n\n\n    <div class=\"excerpt line-clamp-[--line-clamp]\" style=\"--line-clamp: 4;\">\n        <p><p style=\"text-align: center;\">Bekijk de foto-impressie. Het was een jaar om nooit te vergeten!<\/p>\n<\/p>\n    <\/div>\n\n\n\n\n                                            <\/div>\n                                    <\/div>\n                                                            <\/a>\n                                                \n                    <\/div>\n    <\/div>\n            <\/div>\n                        <div class=\"swiper-slide\">\n        <div class=\"item-card\">\n        <div class=\"item-card-inner\">\n                                                                        <a href=\"https:\/\/witeburch.nl\/accommodatie\/groepsaccommodatie\/\" >\n                                                    <div class=\"card card-overlay object-position-center\">\n                                                                                            <img loading=\"lazy\" decoding=\"async\" width=\"774\" height=\"437\" src=\"https:\/\/witeburch.nl\/wp-content\/uploads\/2023\/10\/Groepsaccommodatie-1.png\" class=\"card-image\" alt=\"Groepsaccommodatie (1)\" srcset=\"https:\/\/witeburch.nl\/wp-content\/uploads\/2023\/10\/Groepsaccommodatie-1.png 774w, https:\/\/witeburch.nl\/wp-content\/uploads\/2023\/10\/Groepsaccommodatie-1-300x169.png 300w, https:\/\/witeburch.nl\/wp-content\/uploads\/2023\/10\/Groepsaccommodatie-1-768x434.png 768w, https:\/\/witeburch.nl\/wp-content\/uploads\/2023\/10\/Groepsaccommodatie-1-18x10.png 18w\" sizes=\"auto, (max-width: 774px) 100vw, 774px\" \/>\n                                                                <div class=\"card-section overlay\">\n                                                                        <p class=\"title h4 line-clamp-[--line-clamp]\" style=\"--line-clamp: 2;\">Groepen<\/p>\n\n\n    <div class=\"excerpt line-clamp-[--line-clamp]\" style=\"--line-clamp: 4;\">\n        <p><p style=\"text-align: center;\">Bekijk hier onze nieuwe chalets, ideaal voor een prachtige groepsvakantie!<\/p>\n<\/p>\n    <\/div>\n\n\n\n\n                                            <\/div>\n                                    <\/div>\n                                                            <\/a>\n                                                \n                    <\/div>\n    <\/div>\n            <\/div>\n                        <div class=\"swiper-slide\">\n        <div class=\"item-card\">\n        <div class=\"item-card-inner\">\n                                                                        <a href=\"https:\/\/witeburch.nl\/de-wite-burch\/inspiratie-top-30\/\" >\n                                                    <div class=\"card card-overlay object-position-center\">\n                                                                                            <img loading=\"lazy\" decoding=\"async\" width=\"774\" height=\"437\" src=\"https:\/\/witeburch.nl\/wp-content\/uploads\/2023\/12\/Inspiratie-top-30-1.png\" class=\"card-image\" alt=\"Inspiratie Top 30\" srcset=\"https:\/\/witeburch.nl\/wp-content\/uploads\/2023\/12\/Inspiratie-top-30-1.png 774w, https:\/\/witeburch.nl\/wp-content\/uploads\/2023\/12\/Inspiratie-top-30-1-300x169.png 300w, https:\/\/witeburch.nl\/wp-content\/uploads\/2023\/12\/Inspiratie-top-30-1-768x434.png 768w, https:\/\/witeburch.nl\/wp-content\/uploads\/2023\/12\/Inspiratie-top-30-1-18x10.png 18w, https:\/\/witeburch.nl\/wp-content\/uploads\/2023\/12\/Inspiratie-top-30-1-425x240.png 425w, https:\/\/witeburch.nl\/wp-content\/uploads\/2023\/12\/Inspiratie-top-30-1-200x113.png 200w\" sizes=\"auto, (max-width: 774px) 100vw, 774px\" \/>\n                                                                <div class=\"card-section overlay\">\n                                                                        <p class=\"title h4 line-clamp-[--line-clamp]\" style=\"--line-clamp: 2;\">Inspiratie &#8211; Top 30<\/p>\n\n\n    <div class=\"excerpt line-clamp-[--line-clamp]\" style=\"--line-clamp: 4;\">\n        <p><p style=\"text-align: center;\">Er valt veel te beleven in de omgeving. Laat je inspireren en geniet extra van je vakantie!<\/p>\n<\/p>\n    <\/div>\n\n\n\n\n                                            <\/div>\n                                    <\/div>\n                                                            <\/a>\n                                                \n                    <\/div>\n    <\/div>\n            <\/div>\n    <\/div>\n\n    \n    \n    \n            <div class=\"swiper-button-prev  main-button \">\n            <iconify-icon class=\"iconify \" icon=\"far:chevron-left\" aria-hidden=\"true\"><\/iconify-icon>\n            \n            <\/div>\n        <div class=\"swiper-button-next  main-button \">\n            <iconify-icon class=\"iconify \" icon=\"far:chevron-right\" aria-hidden=\"true\"><\/iconify-icon>\n            \n            <\/div>\n    \n    \n    \n    \n    <\/div>\n\n\n\n\n\n    \n    \n    <\/div>\n\n    <\/div><style>#ms-container-1cc7ae2.has-background:before {\n\tbackground-color: transparent;\n}\n \n@media screen and (max-width: 39.9375em) {\n\t#ms-container-1cc7ae2 {\n\t\tpadding-top: 2rem;\n\t\tpadding-bottom: 2rem;\n\n\t}\n}\n\n@media screen and (min-width: 40em) and (max-width: 63.9375em) {\n\t#ms-container-1cc7ae2 {\n\t\tpadding-top: 4rem;\n\t\tpadding-bottom: 4rem;\n\n\t}\n}\n\n@media screen and (min-width: 64em) {\n\t#ms-container-1cc7ae2 {\n\t\tpadding-top: 4rem;\n\t\tpadding-bottom: 4rem;\n\n\t}\n}<\/style><\/div>\n\n\n<section id=\"block_92edd4fd4aff079562df319d2dc8e32e\" class=\"ms_advanced-media-text footer-cta\">\n            <style>@media screen and (max-width: 39.9375em){#block_92edd4fd4aff079562df319d2dc8e32e{margin-bottom:-2.5rem;}}@media screen and (min-width: 40em) and (max-width: 63.9375em){#block_92edd4fd4aff079562df319d2dc8e32e{margin-bottom:-5rem;}}@media screen and (min-width: 64em){#block_92edd4fd4aff079562df319d2dc8e32e{margin-bottom:-5rem;}}<\/style>\n    \n            <style>@media screen and (max-width: 39.9375em){#block_92edd4fd4aff079562df319d2dc8e32e .text{padding-top:1.25rem;padding-bottom:1.25rem;padding-left:1.5rem;padding-right:1.5rem;}}@media screen and (min-width: 40em) and (max-width: 63.9375em){#block_92edd4fd4aff079562df319d2dc8e32e .text{padding-top:2.5rem;padding-bottom:2.5rem;padding-left:3rem;padding-right:3rem;}}@media screen and (min-width: 64em){#block_92edd4fd4aff079562df319d2dc8e32e .text{padding-top:2.5rem;padding-bottom:2.5rem;padding-left:3rem;padding-right:3rem;}}<\/style>\n    \n    \n    <div class=\"wrapper reverse\">\n        <div class=\"text\" style=\"background-color: #f39200;\">\n            <div class=\"acf-innerblocks-container\">\n<section class=\"ms_advanced-title text-left\" id=\"block_0ddfc740c10f1e044eb4ed8b004fb3f2\" style=\"--sideline-color: #95C11F;\">\n            <style>@media screen and (max-width: 39.9375em){#block_0ddfc740c10f1e044eb4ed8b004fb3f2{margin-bottom:0.5rem;padding-top:0.5rem;padding-bottom:0.5rem;}}@media screen and (min-width: 40em) and (max-width: 63.9375em){#block_0ddfc740c10f1e044eb4ed8b004fb3f2{margin-bottom:1rem;padding-top:1rem;padding-bottom:1rem;}}@media screen and (min-width: 64em){#block_0ddfc740c10f1e044eb4ed8b004fb3f2{margin-bottom:1rem;padding-top:1rem;padding-bottom:1rem;}}<\/style>\n    \n            \n                    <h2 style=\"--heading-color: #ffffff;\" class=\"title h2\">\n                Vier je vakantie op recreatiepark<br>\nDe Wite Burch\n\n                <\/h2>\n        \n        \n            \n    <\/section>\n\n\n\n\n<p class=\"has-secondary-color has-text-color has-link-color wp-elements-95214952f49e47bd5ec2aec36598727b wp-block-paragraph\"><strong>Geniet van een fantastische tijd in een bos- en waterrijke omgeving<\/strong><\/p>\n\n\n<div class=\"ms_button\" id=\"block_90fb0179aa0f28eab34a6e9f60d540e7\">\n            <style>@media screen and (max-width: 39.9375em){#block_90fb0179aa0f28eab34a6e9f60d540e7{margin-top:1rem;margin-bottom:0.5rem;}}@media screen and (min-width: 40em) and (max-width: 63.9375em){#block_90fb0179aa0f28eab34a6e9f60d540e7{margin-top:2rem;margin-bottom:1rem;}}@media screen and (min-width: 64em){#block_90fb0179aa0f28eab34a6e9f60d540e7{margin-top:2rem;margin-bottom:1rem;}}<\/style>\n        <a class=\"button hollow light\" id=\"block_90fb0179aa0f28eab34a6e9f60d540e7_button\" href=\"\/zoek-en-boek\/\" target=\"\">\n                <span class=\"button-text\">\n                        Boek nu\n                    <\/span>\n            <\/a>\n<\/div>\n\n<\/div>\n        <\/div>\n                    <div class=\"media image\">\n                <img loading=\"lazy\" decoding=\"async\" width=\"600\" height=\"450\" src=\"https:\/\/witeburch.nl\/wp-content\/uploads\/2023\/10\/media_470_491019_w600.jpg\" class=\"attachment-full size-full\" alt=\"Kamperen Friesland\" style=\"object-position: 50% 50%;\" srcset=\"https:\/\/witeburch.nl\/wp-content\/uploads\/2023\/10\/media_470_491019_w600.jpg 600w, https:\/\/witeburch.nl\/wp-content\/uploads\/2023\/10\/media_470_491019_w600-16x12.jpg 16w, https:\/\/witeburch.nl\/wp-content\/uploads\/2023\/10\/media_470_491019_w600-300x225.jpg 300w\" sizes=\"auto, (max-width: 600px) 100vw, 600px\">\n            <\/div>\n            <\/div>\n<\/section>\n","protected":false},"excerpt":{"rendered":"<p>Sind Sie trotz aller Bem\u00fchungen nicht ganz zufrieden mit Ihrer Ferienunterkunft? Dann haben Sie die M\u00f6glichkeit, eine Beschwerde einzureichen. Um Ihnen den bestm\u00f6glichen Service zu bieten, bitten wir Sie, das nachstehende Beschwerdeverfahren zu befolgen. Beschwerden sollten zun\u00e4chst vor Ort und direkt bei der Parkleitung eingereicht werden...<\/p>","protected":false},"author":1,"featured_media":4059,"parent":0,"menu_order":4,"comment_status":"closed","ping_status":"closed","template":"","meta":{"_acf_changed":false,"_crdt_document":"","footnotes":""},"class_list":["post-437","page","type-page","status-publish","has-post-thumbnail","hentry"],"acf":[],"_links":{"self":[{"href":"https:\/\/witeburch.nl\/de\/wp-json\/wp\/v2\/pages\/437","targetHints":{"allow":["GET"]}}],"collection":[{"href":"https:\/\/witeburch.nl\/de\/wp-json\/wp\/v2\/pages"}],"about":[{"href":"https:\/\/witeburch.nl\/de\/wp-json\/wp\/v2\/types\/page"}],"author":[{"embeddable":true,"href":"https:\/\/witeburch.nl\/de\/wp-json\/wp\/v2\/users\/1"}],"replies":[{"embeddable":true,"href":"https:\/\/witeburch.nl\/de\/wp-json\/wp\/v2\/comments?post=437"}],"version-history":[{"count":29,"href":"https:\/\/witeburch.nl\/de\/wp-json\/wp\/v2\/pages\/437\/revisions"}],"predecessor-version":[{"id":4460,"href":"https:\/\/witeburch.nl\/de\/wp-json\/wp\/v2\/pages\/437\/revisions\/4460"}],"wp:featuredmedia":[{"embeddable":true,"href":"https:\/\/witeburch.nl\/de\/wp-json\/wp\/v2\/media\/4059"}],"wp:attachment":[{"href":"https:\/\/witeburch.nl\/de\/wp-json\/wp\/v2\/media?parent=437"}],"curies":[{"name":"wp","href":"https:\/\/api.w.org\/{rel}","templated":true}]}}