{"id":508,"date":"2023-10-18T16:09:04","date_gmt":"2023-10-18T16:09:04","guid":{"rendered":"https:\/\/witeburch.nl\/?page_id=508"},"modified":"2025-12-12T13:41:59","modified_gmt":"2025-12-12T13:41:59","slug":"gaasterland-entdecken","status":"publish","type":"page","link":"https:\/\/witeburch.nl\/de\/gaasterland\/ontdek-gaasterland\/","title":{"rendered":"Gaasterland entdecken"},"content":{"rendered":"<section id=\"block_83cef423d3e6ea2a51c2853fc8344e4c\" class=\"ms_advanced-media-text alignfull forground page-header\">\n    \n            <style>@media screen and (max-width: 39.9375em){#block_83cef423d3e6ea2a51c2853fc8344e4c .text{padding-top:2.5rem;padding-bottom:2.5rem;padding-left:2.5rem;}}@media screen and (min-width: 40em) and (max-width: 63.9375em){#block_83cef423d3e6ea2a51c2853fc8344e4c .text{padding-top:5rem;padding-bottom:5rem;padding-left:5rem;}}@media screen and (min-width: 64em){#block_83cef423d3e6ea2a51c2853fc8344e4c .text{padding-top:5rem;padding-bottom:5rem;padding-left:5rem;}}<\/style>\n    \n    \n    <div class=\"wrapper is-1\/3-2\/3\">\n        <div class=\"text\" style=\"background-color: #29235c;\">\n            <div class=\"acf-innerblocks-container\">\n<section class=\"ms_advanced-title text-left\" id=\"block_c964c9ab0c734ebdd59c8290900397b0\" style=\"--sideline-color: #95C11F;\">\n            <style>@media screen and (max-width: 39.9375em){#block_c964c9ab0c734ebdd59c8290900397b0{padding-top:2rem;padding-bottom:2rem;}}@media screen and (min-width: 40em) and (max-width: 63.9375em){#block_c964c9ab0c734ebdd59c8290900397b0{padding-top:4rem;padding-bottom:4rem;}}@media screen and (min-width: 64em){#block_c964c9ab0c734ebdd59c8290900397b0{padding-top:4rem;padding-bottom:4rem;}}<\/style>\n    \n            \n                    <h1 style=\"--heading-color: #ffffff;\" class=\"title h2\">\n                Gaasterland entdecken\n\n                <\/h1>\n        \n        \n            \n    <\/section>\n\n\n<\/div>\n        <\/div>\n                    <div class=\"media image\">\n                <img loading=\"lazy\" decoding=\"async\" width=\"900\" height=\"600\" src=\"https:\/\/witeburch.nl\/wp-content\/uploads\/2023\/10\/Ontdek-Gaasterland.jpg\" class=\"attachment-full size-full\" alt=\"Gaasterland entdecken\" style=\"object-position: 50% 50%;\" srcset=\"https:\/\/witeburch.nl\/wp-content\/uploads\/2023\/10\/Ontdek-Gaasterland.jpg 900w, https:\/\/witeburch.nl\/wp-content\/uploads\/2023\/10\/Ontdek-Gaasterland-300x200.jpg 300w, https:\/\/witeburch.nl\/wp-content\/uploads\/2023\/10\/Ontdek-Gaasterland-768x512.jpg 768w, https:\/\/witeburch.nl\/wp-content\/uploads\/2023\/10\/Ontdek-Gaasterland-18x12.jpg 18w\" sizes=\"auto, (max-width: 900px) 100vw, 900px\">\n            <\/div>\n            <\/div>\n<\/section>\n\n\n\n<div id=\"ms-container-876ead7\" class=\"wp-block-ms-container alignfull has-background has-background-opacity-10 has-height-normal\"><div class=\"ms-container--wrapper alignnormal\"><div id=\"block_cef7bc3753034ba2793e070b101dae56\" class=\"ms_breadcrumbs\">\n            <style>@media screen and (max-width: 39.9375em){#block_cef7bc3753034ba2793e070b101dae56{margin-bottom:0.5rem;padding-top:1.25rem;padding-bottom:1.25rem;}}@media screen and (min-width: 40em) and (max-width: 63.9375em){#block_cef7bc3753034ba2793e070b101dae56{margin-bottom:1rem;padding-top:2.5rem;padding-bottom:2.5rem;}}@media screen and (min-width: 64em){#block_cef7bc3753034ba2793e070b101dae56{margin-bottom:1rem;padding-top:2.5rem;padding-bottom:2.5rem;}}<\/style>\n    \n    <ul id=\"breadcrumbs\" class=\"breadcrumbs\"><li itemprop=\"itemListElement\" itemscope itemtype=\"http:\/\/schema.org\/ListItem\"><a class=\"breadcrumbs__link\" href=\"https:\/\/witeburch.nl\/de\/\" itemprop=\"item\" title=\"Startseite\"><span itemprop=\"name\" style=\"display: none;\">Startseite<\/span><iconify-icon class=\"iconify icon-fw\" icon=\"far:home\" aria-hidden=\"true\"><\/iconify-icon>\n            \n    <\/a><meta itemprop=\"position\" content=\"1\" \/><\/li><\/ul>\n<\/div>\n\n\n\n<div class=\"wp-block-columns justify-space-center\">\n<div class=\"wp-block-column\" style=\"flex-basis:80%\"><section class=\"ms_advanced-title text-left\" id=\"block_a3930a203729aebad253537102ceb732\" style=\"--sideline-color: #95C11F;\">\n            <style>@media screen and (max-width: 39.9375em){#block_a3930a203729aebad253537102ceb732{margin-bottom:0.5rem;padding-top:0.5rem;padding-bottom:0.5rem;}}@media screen and (min-width: 40em) and (max-width: 63.9375em){#block_a3930a203729aebad253537102ceb732{margin-bottom:1rem;padding-top:1rem;padding-bottom:1rem;}}@media screen and (min-width: 64em){#block_a3930a203729aebad253537102ceb732{margin-bottom:1rem;padding-top:1rem;padding-bottom:1rem;}}<\/style>\n    \n            \n                    <h2 style=\"\" class=\"title h2\">\n                \u00dcberblick \u00fcber die Kulturgeschichte\n\n                <\/h2>\n        \n        \n            \n    <\/section>\n\n\n\n\n<p class=\"intro has-white-color has-text-color has-link-color wp-elements-e4330ac96befdfb426f613491713a327 wp-block-paragraph\">Friesland hat eine reichhaltige Kultur, die zu entdecken sich lohnt. Von De Wite Burch aus k\u00f6nnen Sie die friesischen Elfsteden-Ortschaften Sleat (Sloten), Stavoren und Hindeloopen besuchen. Au\u00dferdem besuchen Sie das Jopie-Huisman-Museum, erfahren Sie, wer das Vrouwtje van Stavoren war und lernen Sie, warum die Schlacht bei Warns f\u00fcr viele Friesen noch immer von Bedeutung ist.<\/p>\n<\/div>\n<\/div>\n<\/div><style>#ms-container-876ead7.has-background:before {\n\tbackground-color: #95C11F;\n}\n \n@media screen and (max-width: 39.9375em) {\n\t#ms-container-876ead7 {\n\t\tmargin-top: -4rem;\n\t\tpadding-top: 4rem;\n\t\tpadding-bottom: 10rem;\n\n\t}\n}\n\n@media screen and (min-width: 40em) and (max-width: 63.9375em) {\n\t#ms-container-876ead7 {\n\t\tmargin-top: -8rem;\n\t\tpadding-top: 8rem;\n\t\tpadding-bottom: 20rem;\n\n\t}\n}\n\n@media screen and (min-width: 64em) {\n\t#ms-container-876ead7 {\n\t\tmargin-top: -8rem;\n\t\tpadding-top: 8rem;\n\t\tpadding-bottom: 20rem;\n\n\t}\n}<\/style><\/div>\n\n\n\n<div id=\"ms-container-952a498\" class=\"wp-block-ms-container has-height-normal forground\"><div class=\"ms-container--wrapper alignnormal\">\n<div class=\"wp-block-columns justify-space-center\">\n<div class=\"wp-block-column\" style=\"flex-basis:90%\"><section class=\"ms_carousel has-arrows-outside\" id=\"block_a9fdc332cd385d0d037f9327921914bf\">\n            <style>@media screen and (max-width: 39.9375em){#block_a9fdc332cd385d0d037f9327921914bf{margin-bottom:0.5rem;padding-bottom:1.25rem;}}@media screen and (min-width: 40em) and (max-width: 63.9375em){#block_a9fdc332cd385d0d037f9327921914bf{margin-bottom:1rem;padding-bottom:2.5rem;}}@media screen and (min-width: 64em){#block_a9fdc332cd385d0d037f9327921914bf{margin-bottom:1rem;padding-bottom:2.5rem;}}<\/style>\n                <style><\/style>\n        \n    <div class=\"main-slider\">\n        <div class=\"swiper-container carousel slider\" data-slider-options='{\"loop\":true,\"autoHeight\":false,\"centeredSlides\":true,\"slidesPerGroup\":1,\"slidesPerView\":\"1\",\"spaceBetween\":10,\"loopAdditionalSlides\":0,\"breakpoints\":{\"640\":{\"slidesPerView\":\"1\",\"spaceBetween\":0},\"1024\":{\"slidesPerView\":\"1\",\"spaceBetween\":0}}}'>\n    \n    <div class=\"swiper-wrapper\">\n        <div class=\"swiper-slide has-aspect-ratio-16-9\">\n                    <div class=\"image object-position-center\">\n                                                    <img loading=\"lazy\" decoding=\"async\" src=\"https:\/\/witeburch.nl\/wp-content\/uploads\/2023\/12\/DeWiteBurch8-2.jpg\" alt=\"Dewiteburch\" width=\"1940\" height=\"1293\">\n                                            <\/div>\n        \n            <\/div>\n    <\/div>\n\n    \n    \n    \n    \n    \n    \n    \n    <\/div>\n\n\n\n\n    <\/div>\n\n    <\/section>\n<\/div>\n<\/div>\n<\/div><style>#ms-container-952a498.has-background:before {\n\tbackground-color: transparent;\n}\n \n@media screen and (max-width: 39.9375em) {\n\t#ms-container-952a498 {\n\t\tmargin-top: -6rem;\n\n\t}\n}\n\n@media screen and (min-width: 40em) and (max-width: 63.9375em) {\n\t#ms-container-952a498 {\n\t\tmargin-top: -12rem;\n\n\t}\n}\n\n@media screen and (min-width: 64em) {\n\t#ms-container-952a498 {\n\t\tmargin-top: -12rem;\n\n\t}\n}<\/style><\/div>\n\n\n\n<div id=\"ms-container-b919191\" class=\"wp-block-ms-container has-height-normal\"><div class=\"ms-container--wrapper alignnormal\">\n<div class=\"wp-block-columns are-vertically-aligned-center justify-space-between\">\n<div class=\"wp-block-column is-vertically-aligned-center\" style=\"flex-basis:30%\">\n<figure class=\"wp-block-image size-full is-resized\"><img loading=\"lazy\" decoding=\"async\" width=\"600\" height=\"376\" src=\"https:\/\/witeburch.nl\/wp-content\/uploads\/2023\/10\/Jopie-Huisman-museum.jpg\" alt=\"Jopie-Huisman-Museum\" class=\"wp-image-1340\" style=\"width:355px;height:auto\" srcset=\"https:\/\/witeburch.nl\/wp-content\/uploads\/2023\/10\/Jopie-Huisman-museum.jpg 600w, https:\/\/witeburch.nl\/wp-content\/uploads\/2023\/10\/Jopie-Huisman-museum-300x188.jpg 300w, https:\/\/witeburch.nl\/wp-content\/uploads\/2023\/10\/Jopie-Huisman-museum-18x12.jpg 18w\" sizes=\"auto, (max-width: 600px) 100vw, 600px\" \/><\/figure>\n<\/div>\n\n\n\n<div class=\"wp-block-column is-vertically-aligned-center\" style=\"flex-basis:65%\"><section class=\"ms_advanced-title text-left\" id=\"block_3df46113930c5f399b1b4c02dbe0bce7\" style=\"--sideline-color: #95C11F;\">\n            <style>@media screen and (max-width: 39.9375em){#block_3df46113930c5f399b1b4c02dbe0bce7{padding-top:1.25rem;padding-bottom:1.25rem;}}@media screen and (min-width: 40em) and (max-width: 63.9375em){#block_3df46113930c5f399b1b4c02dbe0bce7{padding-top:2.5rem;padding-bottom:2.5rem;}}@media screen and (min-width: 64em){#block_3df46113930c5f399b1b4c02dbe0bce7{padding-top:2.5rem;padding-bottom:2.5rem;}}<\/style>\n    \n            \n                    <h2 style=\"\" class=\"title h3\">\n                Jopie-Huisman-Museum\n\n                <\/h2>\n        \n        \n            \n    <\/section>\n\n\n\n\n<p class=\"wp-block-paragraph\">Das Jopie-Huisman-Museum in Workum ist eines der bekanntesten Museen im Norden der Niederlande und es zeigt die Werke des bekannten friesischen Maler Jopie Huisman. Er malte die einfachen Menschen in ihrem Alltag und ihrer Umgebung. Jopie war der Auffassung, Kunst sei dazu da, mit seinen Mitmenschen in Kontakt zu kommen, und er wusste diesen Dialog auf die Leinwand zu bringen&nbsp;<a href=\"http:\/\/www.jopiehuismanmuseum.nl\/\" target=\"_blank\" rel=\"noreferrer noopener\">Das Museum<\/a>&nbsp;richtet sich an Kunstliebhaberinnen und -liebhaber genauso wie an das breite Publikum.<\/p>\n<\/div>\n<\/div>\n\n\n\n<div id=\"ms-shape-divider-4c2f84d\" class=\"wp-block-ms-shape-divider alignfull\"><svg width=\"100%\" viewbox=\"0 0 610 16\" xmlns=\"http:\/\/www.w3.org\/2000\/svg\" aria-hidden=\"true\"><\/svg><style>\n@media screen and (max-width: 39.9375em) {\n\t#ms-shape-divider-4c2f84d {\n\t\tz-index: 5;\n\n\t}\n}\n\n@media screen and (min-width: 40em) and (max-width: 63.9375em) {\n\t#ms-shape-divider-4c2f84d {\n\t\tz-index: 10;\n\n\t}\n}\n\n@media screen and (min-width: 64em) {\n\t#ms-shape-divider-4c2f84d {\n\t\tz-index: 10;\n\n\t}\n}<\/style><\/div>\n\n\n\n<div class=\"wp-block-columns justify-space-between\">\n<div class=\"wp-block-column is-vertically-aligned-center\" style=\"flex-basis:65%\"><section class=\"ms_advanced-title text-left\" id=\"block_aa30013d198e3f224f4f6122e83ef22d\" style=\"--sideline-color: #95C11F;\">\n            <style>@media screen and (max-width: 39.9375em){#block_aa30013d198e3f224f4f6122e83ef22d{padding-top:1.25rem;padding-bottom:1.25rem;}}@media screen and (min-width: 40em) and (max-width: 63.9375em){#block_aa30013d198e3f224f4f6122e83ef22d{padding-top:2.5rem;padding-bottom:2.5rem;}}@media screen and (min-width: 64em){#block_aa30013d198e3f224f4f6122e83ef22d{padding-top:2.5rem;padding-bottom:2.5rem;}}<\/style>\n    \n            \n                    <h2 style=\"\" class=\"title h3\">\n                Das erste friesische Schlittschuhmuseum\n\n                <\/h2>\n        \n        \n            \n    <\/section>\n\n\n\n\n<p class=\"wp-block-paragraph translation-block\">Wenn die Temperatur unter den Gefrierpunkt f\u00e4llt, wird den Friesen warm. Das Museum in Hindeloopen steht im Zeichen des Eislaufs, und nat\u00fcrlich fehlt auch eine Sonderausstellung zur \u201eTour aller Touren\u201c nicht. Bilddokumente und einmalige Objekte wie die Stempelkarte von Piet Kleine machen das legend\u00e4re Rennen lebendig. F\u00fcr jeden Gewinner wurde eine Vitrine gestaltet. Am <a href=\"http:\/\/www.schaatsmuseum.nl\/home\/?page_id=680\" target=\"_blank\" rel=\"noreferrer noopener\">Museum<\/a> befindet sich auch ein <a href=\"http:\/\/www.pannenkoekenrestaurantdefriesedoorloper.nl\/home\/\" target=\"_blank\" rel=\"noreferrer noopener\">Pfannkuchenhaus<\/a>.<\/p>\n<\/div>\n\n\n\n<div class=\"wp-block-column is-vertically-aligned-center\" style=\"flex-basis:30%\">\n<figure class=\"wp-block-image size-full is-resized\"><img loading=\"lazy\" decoding=\"async\" width=\"300\" height=\"217\" src=\"https:\/\/witeburch.nl\/wp-content\/uploads\/2023\/10\/Het-1e-Friese-Schaatsmuseum.jpg\" alt=\"Das erste friesische Schlittschuhmuseum\" class=\"wp-image-1341\" style=\"width:312px;height:auto\" srcset=\"https:\/\/witeburch.nl\/wp-content\/uploads\/2023\/10\/Het-1e-Friese-Schaatsmuseum.jpg 300w, https:\/\/witeburch.nl\/wp-content\/uploads\/2023\/10\/Het-1e-Friese-Schaatsmuseum-18x12.jpg 18w\" sizes=\"auto, (max-width: 300px) 100vw, 300px\" \/><\/figure>\n<\/div>\n<\/div>\n\n\n\n<div id=\"ms-shape-divider-fb4655d\" class=\"wp-block-ms-shape-divider alignfull\"><svg width=\"100%\" viewbox=\"0 0 610 16\" xmlns=\"http:\/\/www.w3.org\/2000\/svg\" aria-hidden=\"true\"><\/svg><style>\n@media screen and (max-width: 39.9375em) {\n\t#ms-shape-divider-fb4655d {\n\t\tz-index: 5;\n\n\t}\n}\n\n@media screen and (min-width: 40em) and (max-width: 63.9375em) {\n\t#ms-shape-divider-fb4655d {\n\t\tz-index: 10;\n\n\t}\n}\n\n@media screen and (min-width: 64em) {\n\t#ms-shape-divider-fb4655d {\n\t\tz-index: 10;\n\n\t}\n}<\/style><\/div>\n\n\n\n<div class=\"wp-block-columns are-vertically-aligned-center justify-space-between\">\n<div class=\"wp-block-column is-vertically-aligned-center\" style=\"flex-basis:30%\">\n<figure class=\"wp-block-image size-full is-resized\"><img loading=\"lazy\" decoding=\"async\" width=\"400\" height=\"300\" src=\"https:\/\/witeburch.nl\/wp-content\/uploads\/2023\/10\/Woudagemaal-te-Lemmer.jpg\" alt=\"Woudagemaal bei Lemmer\" class=\"wp-image-1342\" style=\"width:315px;height:auto\" srcset=\"https:\/\/witeburch.nl\/wp-content\/uploads\/2023\/10\/Woudagemaal-te-Lemmer.jpg 400w, https:\/\/witeburch.nl\/wp-content\/uploads\/2023\/10\/Woudagemaal-te-Lemmer-300x225.jpg 300w, https:\/\/witeburch.nl\/wp-content\/uploads\/2023\/10\/Woudagemaal-te-Lemmer-16x12.jpg 16w\" sizes=\"auto, (max-width: 400px) 100vw, 400px\" \/><\/figure>\n<\/div>\n\n\n\n<div class=\"wp-block-column is-vertically-aligned-center\" style=\"flex-basis:65%\"><section class=\"ms_advanced-title text-left\" id=\"block_f36faf9a3d372f437190c746737b0c5b\" style=\"--sideline-color: #95C11F;\">\n            <style>@media screen and (max-width: 39.9375em){#block_f36faf9a3d372f437190c746737b0c5b{padding-top:1.25rem;padding-bottom:1.25rem;}}@media screen and (min-width: 40em) and (max-width: 63.9375em){#block_f36faf9a3d372f437190c746737b0c5b{padding-top:2.5rem;padding-bottom:2.5rem;}}@media screen and (min-width: 64em){#block_f36faf9a3d372f437190c746737b0c5b{padding-top:2.5rem;padding-bottom:2.5rem;}}<\/style>\n    \n            \n                    <h2 style=\"\" class=\"title h3\">\n                Woudagemaal in Lemmer\n\n                <\/h2>\n        \n        \n            \n    <\/section>\n\n\n\n\n<p class=\"wp-block-paragraph\">Vom Campingplatz radeln Sie durch die D\u00f6rfer Bakhuizen und Hemelum in Richtung De Morra. Hier fahren Sie am Wasser von De Morra und De Vogelhoek entlang. Zur\u00fcck f\u00fchrt der Weg \u00fcber einen sch\u00f6nen und kurvenreichen Fahrradweg zum Campingplatz. Auf diesen neun Kilometern fahren Sie eine sch\u00f6ne Runde am Wasser und am Vogelhoek entlang. <\/p>\n<\/div>\n<\/div>\n\n\n<div class=\"ms_button aligncenter\" id=\"block_f531b82e9507dc26169b836d31efca6b\">\n            <style>@media screen and (max-width: 39.9375em){#block_f531b82e9507dc26169b836d31efca6b{margin-top:1.5rem;margin-bottom:0.5rem;}}@media screen and (min-width: 40em) and (max-width: 63.9375em){#block_f531b82e9507dc26169b836d31efca6b{margin-top:3rem;margin-bottom:1rem;}}@media screen and (min-width: 64em){#block_f531b82e9507dc26169b836d31efca6b{margin-top:3rem;margin-bottom:1rem;}}<\/style>\n        <a class=\"button hollow\" id=\"block_f531b82e9507dc26169b836d31efca6b_button\" href=\"\/de\/startseite\/gaasterland\/\" target=\"\">\n                <span class=\"button-text\">\n                        Zur\u00fcck zur \u00dcbersicht\n                    <\/span>\n            <\/a>\n<\/div>\n<\/div><style>#ms-container-b919191.has-background:before {\n\tbackground-color: transparent;\n}\n \n@media screen and (max-width: 39.9375em) {\n\t#ms-container-b919191 {\n\t\tpadding-top: 1.5rem;\n\t\tpadding-bottom: 1.5rem;\n\n\t}\n}\n\n@media screen and (min-width: 40em) and (max-width: 63.9375em) {\n\t#ms-container-b919191 {\n\t\tpadding-top: 3rem;\n\t\tpadding-bottom: 3rem;\n\n\t}\n}\n\n@media screen and (min-width: 64em) {\n\t#ms-container-b919191 {\n\t\tpadding-top: 3rem;\n\t\tpadding-bottom: 3rem;\n\n\t}\n}<\/style><\/div>\n\n\n\n<div id=\"ms-container-3189f3f\" class=\"wp-block-ms-container alignfull has-height-normal\"><div class=\"ms-container--wrapper alignnormal\"><section class=\"ms_advanced-title text-center quote\" id=\"block_2a2e142381288663636a1299d6c3276b\" style=\"--sideline-color: #95C11F;\">\n            <style>@media screen and (max-width: 39.9375em){#block_2a2e142381288663636a1299d6c3276b{padding-top:0.5rem;padding-bottom:0.5rem;}}@media screen and (min-width: 40em) and (max-width: 63.9375em){#block_2a2e142381288663636a1299d6c3276b{padding-top:1rem;padding-bottom:1rem;}}@media screen and (min-width: 64em){#block_2a2e142381288663636a1299d6c3276b{padding-top:1rem;padding-bottom:1rem;}}<\/style>\n    \n            \n                    <h2 style=\"\" class=\"title h2\">\n                De Wite Burch liegt zentral zwischen den friesischen Seen, den W\u00e4ldern des Gaasterlandes und dem IJsselmeer.\n\n                <\/h2>\n        \n        \n            \n    <\/section>\n\n<\/div><style>#ms-container-3189f3f.has-background:before {\n\tbackground-color: transparent;\n}\n \n@media screen and (max-width: 39.9375em) {\n\t#ms-container-3189f3f {\n\t\tpadding-top: 2rem;\n\t\tpadding-bottom: 2rem;\n\n\t}\n}\n\n@media screen and (min-width: 40em) and (max-width: 63.9375em) {\n\t#ms-container-3189f3f {\n\t\tpadding-top: 4rem;\n\t\tpadding-bottom: 4rem;\n\n\t}\n}\n\n@media screen and (min-width: 64em) {\n\t#ms-container-3189f3f {\n\t\tpadding-top: 4rem;\n\t\tpadding-bottom: 4rem;\n\n\t}\n}<\/style><\/div>\n\n\n<section id=\"block_b01c6981e72d06b8a91217e986bbb349\" class=\"ms_advanced-media-text footer-cta\">\n            <style>@media screen and (max-width: 39.9375em){#block_b01c6981e72d06b8a91217e986bbb349{margin-bottom:-2.5rem;}}@media screen and (min-width: 40em) and (max-width: 63.9375em){#block_b01c6981e72d06b8a91217e986bbb349{margin-bottom:-5rem;}}@media screen and (min-width: 64em){#block_b01c6981e72d06b8a91217e986bbb349{margin-bottom:-5rem;}}<\/style>\n    \n            <style>@media screen and (max-width: 39.9375em){#block_b01c6981e72d06b8a91217e986bbb349 .text{padding-top:1.25rem;padding-bottom:1.25rem;padding-left:1.5rem;padding-right:1.5rem;}}@media screen and (min-width: 40em) and (max-width: 63.9375em){#block_b01c6981e72d06b8a91217e986bbb349 .text{padding-top:2.5rem;padding-bottom:2.5rem;padding-left:3rem;padding-right:3rem;}}@media screen and (min-width: 64em){#block_b01c6981e72d06b8a91217e986bbb349 .text{padding-top:2.5rem;padding-bottom:2.5rem;padding-left:3rem;padding-right:3rem;}}<\/style>\n    \n    \n    <div class=\"wrapper reverse\">\n        <div class=\"text\" style=\"background-color: #f39200;\">\n            <div class=\"acf-innerblocks-container\">\n<section class=\"ms_advanced-title text-left\" id=\"block_a19f36f24e6b7390c7b8f2c003b20a59\" style=\"--sideline-color: #95C11F;\">\n            <style>@media screen and (max-width: 39.9375em){#block_a19f36f24e6b7390c7b8f2c003b20a59{margin-bottom:0.5rem;padding-top:0.5rem;padding-bottom:0.5rem;}}@media screen and (min-width: 40em) and (max-width: 63.9375em){#block_a19f36f24e6b7390c7b8f2c003b20a59{margin-bottom:1rem;padding-top:1rem;padding-bottom:1rem;}}@media screen and (min-width: 64em){#block_a19f36f24e6b7390c7b8f2c003b20a59{margin-bottom:1rem;padding-top:1rem;padding-bottom:1rem;}}<\/style>\n    \n            \n                    <h2 style=\"--heading-color: #ffffff;\" class=\"title h2\">\n                Feiern Sie Ihren Urlaub in einem Freizeitpark<br>\nDe Wite Burch\n\n                <\/h2>\n        \n        \n            \n    <\/section>\n\n\n\n\n<p class=\"has-secondary-color has-text-color has-link-color wp-elements-95214952f49e47bd5ec2aec36598727b wp-block-paragraph\"><strong>Genie\u00dfen Sie eine fantastische Zeit in einer Wald- und Feuchtgebietslandschaft<\/strong><\/p>\n\n\n<div class=\"ms_button\" id=\"block_2d0fb3353dadaa48f5b4391620dde04b\">\n            <style>@media screen and (max-width: 39.9375em){#block_2d0fb3353dadaa48f5b4391620dde04b{margin-top:1rem;margin-bottom:0.5rem;}}@media screen and (min-width: 40em) and (max-width: 63.9375em){#block_2d0fb3353dadaa48f5b4391620dde04b{margin-top:2rem;margin-bottom:1rem;}}@media screen and (min-width: 64em){#block_2d0fb3353dadaa48f5b4391620dde04b{margin-top:2rem;margin-bottom:1rem;}}<\/style>\n        <a class=\"button hollow light\" id=\"block_2d0fb3353dadaa48f5b4391620dde04b_button\" href=\"\/de\/suchen-und-buchen\/\" target=\"\">\n                <span class=\"button-text\">\n                        Jetzt buchen\n                    <\/span>\n            <\/a>\n<\/div>\n\n<\/div>\n        <\/div>\n                    <div class=\"media image\">\n                <img loading=\"lazy\" decoding=\"async\" width=\"600\" height=\"450\" src=\"https:\/\/witeburch.nl\/wp-content\/uploads\/2023\/10\/media_470_491019_w600.jpg\" class=\"attachment-full size-full\" alt=\"Camping Friesland\" style=\"object-position: 50% 50%;\" srcset=\"https:\/\/witeburch.nl\/wp-content\/uploads\/2023\/10\/media_470_491019_w600.jpg 600w, https:\/\/witeburch.nl\/wp-content\/uploads\/2023\/10\/media_470_491019_w600-16x12.jpg 16w, https:\/\/witeburch.nl\/wp-content\/uploads\/2023\/10\/media_470_491019_w600-300x225.jpg 300w\" sizes=\"auto, (max-width: 600px) 100vw, 600px\">\n            <\/div>\n            <\/div>\n<\/section>","protected":false},"excerpt":{"rendered":"<p>Friesland hat eine reiche Kultur, die es zu entdecken gilt. Von der Wite Burch aus haben Sie eine gute Gelegenheit, die friesischen Elf-St\u00e4dte Sloten, Stavoren und Hindeloopen zu besuchen. Au\u00dferdem besuchen Sie das Jopie Huisman-Museum, erfahren, wer die Dame von Stavoren war und warum die Schlacht von Warns...<\/p>","protected":false},"author":1,"featured_media":1338,"parent":428,"menu_order":37,"comment_status":"closed","ping_status":"closed","template":"","meta":{"_acf_changed":false,"_crdt_document":"","footnotes":""},"class_list":["post-508","page","type-page","status-publish","has-post-thumbnail","hentry"],"acf":[],"_links":{"self":[{"href":"https:\/\/witeburch.nl\/de\/wp-json\/wp\/v2\/pages\/508","targetHints":{"allow":["GET"]}}],"collection":[{"href":"https:\/\/witeburch.nl\/de\/wp-json\/wp\/v2\/pages"}],"about":[{"href":"https:\/\/witeburch.nl\/de\/wp-json\/wp\/v2\/types\/page"}],"author":[{"embeddable":true,"href":"https:\/\/witeburch.nl\/de\/wp-json\/wp\/v2\/users\/1"}],"replies":[{"embeddable":true,"href":"https:\/\/witeburch.nl\/de\/wp-json\/wp\/v2\/comments?post=508"}],"version-history":[{"count":24,"href":"https:\/\/witeburch.nl\/de\/wp-json\/wp\/v2\/pages\/508\/revisions"}],"predecessor-version":[{"id":5707,"href":"https:\/\/witeburch.nl\/de\/wp-json\/wp\/v2\/pages\/508\/revisions\/5707"}],"up":[{"embeddable":true,"href":"https:\/\/witeburch.nl\/de\/wp-json\/wp\/v2\/pages\/428"}],"wp:featuredmedia":[{"embeddable":true,"href":"https:\/\/witeburch.nl\/de\/wp-json\/wp\/v2\/media\/1338"}],"wp:attachment":[{"href":"https:\/\/witeburch.nl\/de\/wp-json\/wp\/v2\/media?parent=508"}],"curies":[{"name":"wp","href":"https:\/\/api.w.org\/{rel}","templated":true}]}}